{"id":1186,"date":"2016-09-05T20:07:42","date_gmt":"2016-09-05T20:07:42","guid":{"rendered":"http:\/\/demos.famethemes.com\/screenr\/?page_id=16"},"modified":"2025-01-31T11:19:30","modified_gmt":"2025-01-31T11:19:30","slug":"responsive-web-design","status":"publish","type":"page","link":"https:\/\/ing-energy.de\/?page_id=1186","title":{"rendered":"Einfamilienwohnhaus"},"content":{"rendered":"\n<p>Planung und Realisierung von Ein-\/Mehrfamilienh\u00e4usern. Bauberatung im B\u00fcro &amp; auf der Baustelle. Von der Eingabeplanung bis zum ferigen Objekt<\/p>\n\n\n\n<p>Planungsb\u00fcro, Landkreis, Erding, Ebersberg, Landshut, M\u00fcnchen-Ost, M\u00fcnchen-Nord, M\u00fcnchen, Eingabeplan, Architekturb\u00fcro, Wohnhausbau, Wohnh\u00e4user, Einfamilienh\u00e4user, Mehrfamilienh\u00e4user, Gewerbebau<\/p>\n\n\n\n<figure class=\"wp-block-image size-full\"><img loading=\"lazy\" decoding=\"async\" width=\"2560\" height=\"1622\" src=\"https:\/\/ing-energy.de\/wp-content\/uploads\/2025\/01\/Fotos1-scaled.jpg\" alt=\"\" class=\"wp-image-15957\" srcset=\"https:\/\/ing-energy.de\/wp-content\/uploads\/2025\/01\/Fotos1-scaled.jpg 2560w, https:\/\/ing-energy.de\/wp-content\/uploads\/2025\/01\/Fotos1-300x190.jpg 300w, https:\/\/ing-energy.de\/wp-content\/uploads\/2025\/01\/Fotos1-1024x649.jpg 1024w, https:\/\/ing-energy.de\/wp-content\/uploads\/2025\/01\/Fotos1-768x487.jpg 768w, https:\/\/ing-energy.de\/wp-content\/uploads\/2025\/01\/Fotos1-1536x973.jpg 1536w, https:\/\/ing-energy.de\/wp-content\/uploads\/2025\/01\/Fotos1-2048x1297.jpg 2048w\" sizes=\"auto, (max-width: 2560px) 100vw, 2560px\" \/><\/figure>\n","protected":false},"excerpt":{"rendered":"<p>Planung und Realisierung von Ein-\/Mehrfamilienh\u00e4usern. Bauberatung im B\u00fcro &amp; auf der Baustelle. Von der Eingabeplanung bis zum ferigen Objekt Planungsb\u00fcro, Landkreis, Erding, Ebersberg, Landshut, M\u00fcnchen-Ost, M\u00fcnchen-Nord, M\u00fcnchen, Eingabeplan, Architekturb\u00fcro, Wohnhausbau, Wohnh\u00e4user, Einfamilienh\u00e4user, Mehrfamilienh\u00e4user, Gewerbebau<\/p>\n","protected":false},"author":2,"featured_media":15957,"parent":0,"menu_order":0,"comment_status":"closed","ping_status":"closed","template":"","meta":{"footnotes":""},"class_list":["post-1186","page","type-page","status-publish","has-post-thumbnail","hentry"],"_links":{"self":[{"href":"https:\/\/ing-energy.de\/index.php?rest_route=\/wp\/v2\/pages\/1186","targetHints":{"allow":["GET"]}}],"collection":[{"href":"https:\/\/ing-energy.de\/index.php?rest_route=\/wp\/v2\/pages"}],"about":[{"href":"https:\/\/ing-energy.de\/index.php?rest_route=\/wp\/v2\/types\/page"}],"author":[{"embeddable":true,"href":"https:\/\/ing-energy.de\/index.php?rest_route=\/wp\/v2\/users\/2"}],"replies":[{"embeddable":true,"href":"https:\/\/ing-energy.de\/index.php?rest_route=%2Fwp%2Fv2%2Fcomments&post=1186"}],"version-history":[{"count":0,"href":"https:\/\/ing-energy.de\/index.php?rest_route=\/wp\/v2\/pages\/1186\/revisions"}],"wp:featuredmedia":[{"embeddable":true,"href":"https:\/\/ing-energy.de\/index.php?rest_route=\/wp\/v2\/media\/15957"}],"wp:attachment":[{"href":"https:\/\/ing-energy.de\/index.php?rest_route=%2Fwp%2Fv2%2Fmedia&parent=1186"}],"curies":[{"name":"wp","href":"https:\/\/api.w.org\/{rel}","templated":true}]}}