{"id":1240,"date":"2020-09-26T20:42:28","date_gmt":"2020-09-26T20:42:28","guid":{"rendered":"http:\/\/ing-energie.de\/?page_id=1240"},"modified":"2020-10-19T07:21:28","modified_gmt":"2020-10-19T07:21:28","slug":"impressum","status":"publish","type":"page","link":"https:\/\/ing-energy.de\/?page_id=1240","title":{"rendered":"Impressum"},"content":{"rendered":"\n<p>Informationspflicht laut \u00a75 E-Commerce Gesetz, \u00a714 Unternehmensgesetzbuch, \u00a763 Gewerbeordnung und Offenlegungspflicht laut \u00a725 Mediengesetz.<\/p>\n\n\n\n<p>Karl Hermann<br>Planungsb\u00fcro<br>Ismaninger Stra\u00dfe 32<br>85452 Moosinning<\/p>\n\n\n\n<h3 class=\"wp-block-heading\">Kontakt:<\/h3>\n\n\n\n<p>Telefon: 08123 \/ 88 93 50<br>Telefax: 08123 \/ 48 29<br>E-Mail: <a href=\"http:\/\/ing-energie.de\/hermann@ing-energy.de\">hermann@ing-energy.de<\/a><\/p>\n\n\n\n<p>Erlaubnis nach \u00a7 34c Absatz 1 Satz 1 Nummer 3a Gewerbeordnung (Bautr\u00e4ger)<br>Erlaubnis nach \u00a7 34c Absatz 1 Satz 1 Nummer 3b Gewerbeordnung (Baubetreuer)<br>Aufsichtsbeh\u00f6rde:<br>Industrie- und Handelskammer f\u00fcr M\u00fcnchen und Oberbayern<br>Max-Joseph-Str. 2<br>80333 M\u00fcnchen<\/p>\n\n\n\n<hr class=\"wp-block-separator is-style-wide\"\/>\n\n\n\n<p><\/p>\n\n\n\n<h2 class=\"wp-block-heading\" id=\"eu-streitschlichtung\">EU-Streitschlichtung<\/h2>\n\n\n\n<p>Gem\u00e4\u00df Verordnung \u00fcber Online-Streitbeilegung in Verbraucherangelegenheiten (ODR-Verordnung) m\u00f6chten wir Sie \u00fcber die Online-Streitbeilegungsplattform (OS-Plattform) informieren.<br>Verbraucher haben die M\u00f6glichkeit, Beschwerden an die Online Streitbeilegungsplattform der Europ\u00e4ischen Kommission unter <a href=\"https:\/\/ec.europa.eu\/consumers\/odr\/main\/index.cfm?event=main.home2.show&amp;lng=DE\" target=\"_blank\" rel=\"noreferrer noopener\">http:\/\/ec.europa.eu\/odr?tid=121437706<\/a> zu richten. Die daf\u00fcr notwendigen Kontaktdaten finden Sie oberhalb in unserem Impressum.<\/p>\n\n\n\n<p>Wir m\u00f6chten Sie jedoch darauf hinweisen, dass wir nicht bereit oder verpflichtet sind, an Streitbeilegungsverfahren vor einer Verbraucherschlichtungsstelle teilzunehmen.<\/p>\n\n\n\n<h2 class=\"wp-block-heading\" id=\"haftung-fuer-inhalte-dieser-webseite\">Haftung f\u00fcr Inhalte dieser Webseite<\/h2>\n\n\n\n<p>Wir entwickeln die Inhalte dieser Webseite st\u00e4ndig weiter und bem\u00fchen uns korrekte und aktuelle Informationen bereitzustellen. Leider k\u00f6nnen wir keine Haftung f\u00fcr die Korrektheit aller Inhalte auf dieser Webseite \u00fcbernehmen, speziell f\u00fcr jene die seitens Dritter bereitgestellt wurden.<\/p>\n\n\n\n<p>Sollten Ihnen problematische oder rechtswidrige Inhalte auffallen, bitten wir Sie uns umgehend zu kontaktieren, Sie finden die Kontaktdaten im Impressum.<\/p>\n\n\n\n<h2 class=\"wp-block-heading\" id=\"haftung-links-webseite\">Haftung f\u00fcr Links auf dieser Webseite<\/h2>\n\n\n\n<p>Unsere Webseite enth\u00e4lt Links zu anderen Webseiten f\u00fcr deren Inhalt wir nicht verantwortlich sind. Haftung f\u00fcr verlinkte Websites besteht laut <a href=\"https:\/\/www.ris.bka.gv.at\/Dokument.wxe?Abfrage=Bundesnormen&amp;Dokumentnummer=NOR40025813&amp;tid=121437706\" target=\"_blank\" rel=\"noreferrer noopener\">\u00a7 17 ECG<\/a> f\u00fcr uns nicht, da wir keine Kenntnis rechtswidriger T\u00e4tigkeiten hatten und haben, uns solche Rechtswidrigkeiten auch bisher nicht aufgefallen sind und wir Links sofort entfernen w\u00fcrden, wenn uns Rechtswidrigkeiten bekannt werden.<\/p>\n\n\n\n<p>Wenn Ihnen rechtswidrige Links auf unserer Website auffallen, bitten wir Sie uns zu kontaktieren, Sie finden die Kontaktdaten im Impressum.<\/p>\n\n\n\n<h2 class=\"wp-block-heading\" id=\"urheberrechtshinweis\">Urheberrechtshinweis<\/h2>\n\n\n\n<p>Alle Inhalte dieser Webseite (Bilder, Fotos, Texte, Videos) unterliegen dem Urheberrecht. Falls notwendig, werden wir die unerlaubte Nutzung von Teilen der Inhalte unserer Seite rechtlich verfolgen.<\/p>\n\n\n\n<p>Sollten Sie auf dieser Webseite Inhalte finden, die das Urheberrecht verletzen, bitten wir Sie uns zu kontaktieren.<\/p>\n\n\n\n<h3 class=\"wp-block-heading\" id=\"bildernachweis\">Bildernachweis<\/h3>\n\n\n\n<p>Die Bilder, Fotos und Grafiken auf dieser Webseite sind urheberrechtlich gesch\u00fctzt.<\/p>\n\n\n\n<p>Die Bilderrechte liegen bei den folgenden Fotografen und Unternehmen:<\/p>\n\n\n\n<ul class=\"wp-block-list\"><li>Karl Hermann<\/li><\/ul>\n\n\n\n<h2 class=\"wp-block-heading\">Datenschutzerkl\u00e4rung<\/h2>\n\n\n\n<h3 class=\"wp-block-heading\" id=\"datenschutz\">Datenschutz<\/h3>\n\n\n\n<p>Wir haben diese Datenschutzerkl\u00e4rung (Fassung 01.01.1970-121437706) verfasst, um Ihnen gem\u00e4\u00df der Vorgaben der <a href=\"https:\/\/eur-lex.europa.eu\/legal-content\/DE\/ALL\/?uri=celex%3A32016R0679&amp;tid=121437706\" target=\"_blank\" rel=\"noreferrer noopener\">Datenschutz-Grundverordnung (EU) 2016\/679<\/a> zu erkl\u00e4ren, welche Informationen wir sammeln, wie wir Daten verwenden und welche Entscheidungsm\u00f6glichkeiten Sie als Besucher dieser Webseite haben.<\/p>\n\n\n\n<p>Leider liegt es in der Natur der Sache, dass diese Erkl\u00e4rungen sehr technisch klingen, wir haben uns bei der Erstellung jedoch bem\u00fcht die wichtigsten Dinge so einfach und klar wie m\u00f6glich zu beschreiben.<\/p>\n\n\n\n<h3 class=\"wp-block-heading\" id=\"automatische-datenspeicherung\">Automatische Datenspeicherung<\/h3>\n\n\n\n<p>Wenn Sie heutzutage Webseiten besuchen, werden gewisse Informationen automatisch erstellt und gespeichert, so auch auf dieser Webseite.<\/p>\n\n\n\n<p>Wenn Sie unsere Webseite so wie jetzt gerade besuchen, speichert unser Webserver (Computer auf dem diese Webseite gespeichert ist) automatisch Daten wie<\/p>\n\n\n\n<ul class=\"wp-block-list\"><li>die Adresse (URL) der aufgerufenen Webseite<\/li><li>Browser und Browserversion<\/li><li>das verwendete Betriebssystem<\/li><li>die Adresse (URL) der zuvor besuchten Seite (Referrer URL)<\/li><li>den Hostname und die IP-Adresse des Ger\u00e4ts von welchem aus zugegriffen wird<\/li><li>Datum und Uhrzeit<\/li><\/ul>\n\n\n\n<p>in Dateien (Webserver-Logfiles).<\/p>\n\n\n\n<p>In der Regel werden Webserver-Logfiles zwei Wochen gespeichert und danach automatisch gel\u00f6scht. Wir geben diese Daten nicht weiter, k\u00f6nnen jedoch nicht ausschlie\u00dfen, dass diese Daten beim Vorliegen von rechtswidrigem Verhalten eingesehen werden.<\/p>\n\n\n\n<h2 class=\"wp-block-heading\" id=\"cookies\">Cookies<\/h2>\n\n\n\n<p>Unsere Webseite verwendet HTTP-Cookies, um nutzerspezifische Daten zu speichern.<br>Im Folgenden erkl\u00e4ren wir, was Cookies sind und warum Sie genutzt werden, damit Sie die folgende Datenschutzerkl\u00e4rung besser verstehen.<\/p>\n\n\n\n<h3 class=\"wp-block-heading\">Was genau sind Cookies?<\/h3>\n\n\n\n<p>Immer wenn Sie durch das Internet surfen, verwenden Sie einen Browser. Bekannte Browser sind beispielsweise Chrome, Safari, Firefox, Internet Explorer und Microsoft Edge. Die meisten Webseiten speichern kleine Text-Dateien in Ihrem Browser. Diese Dateien nennt man Cookies.<\/p>\n\n\n\n<p>Eines ist nicht von der Hand zu weisen: Cookies sind echt n\u00fctzliche Helferlein. Fast alle Webseiten verwenden&nbsp;Cookies. Genauer gesprochen sind es HTTP-Cookies, da es auch noch andere Cookies f\u00fcr andere Anwendungsbereiche gibt. HTTP-Cookies&nbsp;sind kleine Dateien, die von unserer Webseite auf Ihrem Computer gespeichert werden. Diese Cookie-Dateien werden automatisch im Cookie-Ordner, quasi dem \u201cHirn\u201d Ihres Browsers, untergebracht. Ein Cookie besteht aus einem Namen und einem Wert. Bei der Definition eines Cookies m\u00fcssen zus\u00e4tzlich ein oder mehrere Attribute angegeben werden.<\/p>\n\n\n\n<p>Cookies&nbsp;speichern gewisse Nutzerdaten von Ihnen, wie beispielsweise Sprache oder pers\u00f6nliche Seiteneinstellungen. Wenn Sie unsere Seite wieder aufrufen, \u00fcbermittelt Ihr Browser die \u201euserbezogenen\u201c Informationen an unsere Seite zur\u00fcck. Dank der Cookies wei\u00df unsere Webseite, wer Sie sind und bietet Ihnen die Einstellung, die Sie gewohnt sind. In einigen Browsern hat jedes&nbsp;Cookie&nbsp;eine eigene Datei, in anderen wie beispielsweise Firefox sind alle&nbsp;Cookies&nbsp;in einer einzigen Datei gespeichert.<\/p>\n\n\n\n<p>Es gibt sowohl Erstanbieter Cookies als auch Drittanbieter-Cookies. Erstanbieter-Cookies werden direkt von unserer Seite erstellt, Drittanbieter-Cookies werden von Partner-Webseiten (z.B. Google Analytics) erstellt.&nbsp;Jedes Cookie ist individuell zu bewerten, da jedes Cookie andere Daten speichert. Auch die Ablaufzeit eines Cookies variiert von ein paar Minuten bis hin zu ein paar Jahren.&nbsp;Cookies sind keine Software-Programme und enthalten keine Viren, Trojaner oder andere \u201eSch\u00e4dlinge\u201c. Cookies k\u00f6nnen auch nicht auf Informationen Ihres PCs zugreifen.<\/p>\n\n\n\n<p>So k\u00f6nnen zum Beispiel Cookie-Daten aussehen:<\/p>\n\n\n\n<p><strong>Name:<\/strong> _ga<br><strong>Wert:<\/strong>&nbsp;GA1.2.1326744211.152121437706-9<br><strong>Verwendungszweck:<\/strong> Unterscheidung der Webseitenbesucher<br><strong>Ablaufdatum:<\/strong>&nbsp;nach 2 Jahren<\/p>\n\n\n\n<p>Diese Mindestgr\u00f6\u00dfen sollte ein Browser unterst\u00fctzen k\u00f6nnen:<\/p>\n\n\n\n<ul class=\"wp-block-list\"><li>Mindestens 4096 Bytes pro Cookie<\/li><li>Mindestens 50 Cookies pro Domain<\/li><li>Mindestens 3000 Cookies insgesamt<\/li><\/ul>\n\n\n\n<h3 class=\"wp-block-heading\">Welche Arten von Cookies gibt es?<\/h3>\n\n\n\n<p>Die Frage welche Cookies wir im Speziellen verwenden, h\u00e4ngt von den verwendeten Diensten ab und wird in den folgenden Abschnitten der Datenschutzerkl\u00e4rung gekl\u00e4rt. An dieser Stelle m\u00f6chten wir kurz auf die verschiedenen Arten von HTTP-Cookies eingehen.<\/p>\n\n\n\n<p>Man kann 4 Arten von Cookies unterscheiden:<\/p>\n\n\n\n<p><strong>Unerl\u00e4ssliche Cookies<br><\/strong>Diese Cookies sind n\u00f6tig, um grundlegende Funktionen der Webseite sicherzustellen. Zum Beispiel braucht es diese Cookies, wenn ein User ein Produkt in den Warenkorb legt, dann auf anderen Seiten weitersurft und sp\u00e4ter erst zur Kasse geht. Durch diese Cookies wird der Warenkorb nicht gel\u00f6scht, selbst wenn der User sein Browserfenster schlie\u00dft.<\/p>\n\n\n\n<p><strong>Zweckm\u00e4\u00dfige Cookies<br><\/strong>Diese Cookies sammeln Infos \u00fcber das Userverhalten und ob der User etwaige Fehlermeldungen bekommt. Zudem werden mithilfe dieser Cookies auch die Ladezeit und das Verhalten der Webseite bei verschiedenen Browsern gemessen.<\/p>\n\n\n\n<p><strong>Zielorientierte Cookies<br><\/strong>Diese Cookies sorgen f\u00fcr eine bessere Nutzerfreundlichkeit. Beispielsweise werden eingegebene Standorte, Schriftgr\u00f6\u00dfen oder Formulardaten gespeichert.<\/p>\n\n\n\n<p><strong>Werbe-Cookies<br><\/strong>Diese Cookies werden auch Targeting-Cookies genannt. Sie dienen dazu dem User individuell angepasste Werbung zu liefern. Das kann sehr praktisch, aber auch sehr nervig sein.<\/p>\n\n\n\n<p>\u00dcblicherweise werden Sie beim erstmaligen Besuch einer Webseite gefragt, welche dieser Cookiearten Sie zulassen m\u00f6chten. Und nat\u00fcrlich wird diese Entscheidung auch in einem Cookie gespeichert.<\/p>\n\n\n\n<h3 class=\"wp-block-heading\">Wie kann ich Cookies l\u00f6schen?<\/h3>\n\n\n\n<p>Wie und ob Sie Cookies verwenden wollen, entscheiden Sie selbst. Unabh\u00e4ngig von welchem Service oder welcher Webseite die Cookies stammen, haben Sie immer die M\u00f6glichkeit&nbsp;Cookies zu l\u00f6schen, zu deaktivieren oder nur teilweise zuzulassen. Zum Beispiel k\u00f6nnen Sie Cookies von Drittanbietern blockieren, aber alle anderen Cookies zulassen.<\/p>\n\n\n\n<p>Wenn Sie feststellen m\u00f6chten, welche Cookies in Ihrem Browser gespeichert wurden, wenn Sie Cookie-Einstellungen \u00e4ndern oder l\u00f6schen wollen, k\u00f6nnen Sie dies in Ihren Browser-Einstellungen finden:<\/p>\n\n\n\n<p><a href=\"https:\/\/support.google.com\/chrome\/answer\/95647?tid=121437706\" target=\"_blank\" rel=\"noreferrer noopener\">Chrome: Cookies in Chrome l\u00f6schen, aktivieren und verwalten<\/a><\/p>\n\n\n\n<p><a href=\"https:\/\/support.apple.com\/de-at\/guide\/safari\/sfri11471\/mac?tid=121437706\" target=\"_blank\" rel=\"noreferrer noopener\">Safari: Verwalten von Cookies und Websitedaten mit Safari<\/a><\/p>\n\n\n\n<p><a href=\"https:\/\/support.mozilla.org\/de\/kb\/cookies-und-website-daten-in-firefox-loschen?tid=121437706\" target=\"_blank\" rel=\"noreferrer noopener\">Firefox: Cookies l\u00f6schen, um Daten zu entfernen, die Websites auf Ihrem Computer abgelegt haben<\/a><\/p>\n\n\n\n<p><a href=\"https:\/\/support.microsoft.com\/de-at\/help\/17442\/windows-internet-explorer-delete-manage-cookies?tid=121437706\" target=\"_blank\" rel=\"noreferrer noopener\">Internet Explorer: L\u00f6schen und Verwalten von Cookies<\/a><\/p>\n\n\n\n<p><a href=\"https:\/\/support.microsoft.com\/de-at\/help\/4027947\/windows-delete-cookies?tid=121437706\" target=\"_blank\" rel=\"noreferrer noopener\">Microsoft Edge: L\u00f6schen und Verwalten von Cookies<\/a><\/p>\n\n\n\n<p>Falls Sie grunds\u00e4tzlich keine Cookies haben wollen, k\u00f6nnen Sie Ihren Browser so einrichten, dass er Sie immer informiert, wenn ein Cookie gesetzt werden soll. So k\u00f6nnen Sie bei jedem einzelnen Cookie entscheiden, ob Sie das Cookie erlauben oder nicht. Die Vorgangsweise ist je nach Browser verschieden. Am besten Sie suchen die Anleitung in Google mit dem Suchbegriff \u201cCookies l\u00f6schen Chrome\u201d oder \u201cCookies deaktivieren Chrome\u201d im Falle eines Chrome Browsers.<\/p>\n\n\n\n<h3 class=\"wp-block-heading\">Wie sieht es mit meinem Datenschutz aus?<\/h3>\n\n\n\n<p>Seit 2009 gibt es die sogenannten \u201eCookie-Richtlinien\u201c. Darin ist festgehalten, dass das Speichern von Cookies eine Einwilligung von Ihnen verlangt. Innerhalb der EU-L\u00e4nder gibt es allerdings noch sehr unterschiedliche Reaktionen auf diese Richtlinien. In \u00d6sterreich erfolgte aber die Umsetzung dieser Richtlinie in \u00a7 96 Abs. 3 des Telekommunikationsgesetzes (TKG).<\/p>\n\n\n\n<p>Wenn Sie mehr \u00fcber Cookies wissen m\u00f6chten und technische Dokumentationen nicht scheuen, empfehlen wir <a href=\"https:\/\/tools.ietf.org\/html\/rfc6265\" target=\"_blank\" rel=\"noreferrer noopener\">https:\/\/tools.ietf.org\/html\/rfc6265<\/a>, dem Request for Comments der Internet Engineering Task Force (IETF) namens \u201cHTTP State Management Mechanism\u201d.<\/p>\n\n\n\n<h2 class=\"wp-block-heading\" id=\"speicherung-persoenlicher-daten\">Speicherung pers\u00f6nlicher Daten<\/h2>\n\n\n\n<p>Pers\u00f6nliche Daten, die Sie uns auf dieser Website elektronisch \u00fcbermitteln, wie zum Beispiel Name, E-Mail-Adresse, Adresse oder andere pers\u00f6nlichen Angaben im Rahmen der \u00dcbermittlung eines Formulars oder Kommentaren im Blog, werden von uns gemeinsam mit dem Zeitpunkt und der IP-Adresse nur zum jeweils angegebenen Zweck verwendet, sicher verwahrt und nicht an Dritte weitergegeben.<\/p>\n\n\n\n<p>Wir nutzen Ihre pers\u00f6nlichen Daten somit nur f\u00fcr die Kommunikation mit jenen Besuchern, die Kontakt ausdr\u00fccklich w\u00fcnschen und f\u00fcr die Abwicklung der auf dieser Webseite angebotenen Dienstleistungen und Produkte. Wir geben Ihre pers\u00f6nlichen Daten ohne Zustimmung nicht weiter, k\u00f6nnen jedoch nicht ausschlie\u00dfen, dass diese Daten beim Vorliegen von rechtswidrigem Verhalten eingesehen werden.<\/p>\n\n\n\n<p>Wenn Sie uns pers\u00f6nliche Daten per E-Mail schicken \u2013 somit abseits dieser Webseite \u2013 k\u00f6nnen wir keine sichere \u00dcbertragung und den Schutz Ihrer Daten garantieren. Wir empfehlen Ihnen, vertrauliche Daten niemals unverschl\u00fcsselt per E-Mail zu \u00fcbermitteln.<\/p>\n\n\n\n<h2 class=\"wp-block-heading\" id=\"auswertung-des-besucherverhaltens\">Auswertung des Besucherverhaltens<\/h2>\n\n\n\n<p>In der folgenden Datenschutzerkl\u00e4rung informieren wir Sie dar\u00fcber, ob und wie wir Daten Ihres Besuchs dieser Website auswerten. Die Auswertung der gesammelten Daten erfolgt in der Regel anonym und wir k\u00f6nnen von Ihrem Verhalten auf dieser Website nicht auf Ihre Person schlie\u00dfen.<\/p>\n\n\n\n<p>Mehr \u00fcber M\u00f6glichkeiten dieser Auswertung der Besuchsdaten zu widersprechen erfahren Sie in der folgenden Datenschutzerkl\u00e4rung.<\/p>\n\n\n\n<h2 class=\"wp-block-heading\" id=\"tls-verschluesselung-https\">TLS-Verschl\u00fcsselung mit https<\/h2>\n\n\n\n<p>Wir verwenden https um Daten abh\u00f6rsicher im Internet zu \u00fcbertragen (Datenschutz durch Technikgestaltung <a href=\"https:\/\/eur-lex.europa.eu\/legal-content\/DE\/TXT\/HTML\/?uri=CELEX:32016R0679&amp;from=DE&amp;tid=121437706\" target=\"_blank\" rel=\"noreferrer noopener\">Artikel 25 Absatz 1 DSGVO<\/a>). Durch den Einsatz von TLS (Transport Layer Security), einem Verschl\u00fcsselungsprotokoll zur sicheren Daten\u00fcbertragung im Internet k\u00f6nnen wir den Schutz vertraulicher Daten sicherstellen. Sie erkennen die Benutzung dieser Absicherung der Daten\u00fcbertragung am kleinen Schlosssymbol links oben im Browser und der Verwendung des Schemas https (anstatt http) als Teil unserer Internetadresse.<\/p>\n\n\n\n<p>Quelle: Erstellt mit dem Datenschutz Generator von <a href=\"https:\/\/www.adsimple.at\/webdesign\/\" rel=\"noreferrer noopener\" target=\"_blank\">AdSimple\u00ae Webdesign<\/a> in Kooperation mit <a href=\"https:\/\/www.aboutbusiness.at\/\" target=\"_blank\" rel=\"noreferrer noopener\">aboutbusiness.at<\/a><\/p>\n","protected":false},"excerpt":{"rendered":"<p>Informationspflicht laut \u00a75 E-Commerce Gesetz, \u00a714 Unternehmensgesetzbuch, \u00a763 Gewerbeordnung und Offenlegungspflicht laut \u00a725 Mediengesetz. Karl HermannPlanungsb\u00fcroIsmaninger Stra\u00dfe 3285452 Moosinning Kontakt: Telefon: 08123 \/ 88 93 50Telefax: 08123 \/ 48 29E-Mail: hermann@ing-energy.de Erlaubnis nach \u00a7 34c Absatz 1 Satz 1 Nummer 3a Gewerbeordnung (Bautr\u00e4ger)Erlaubnis nach \u00a7 34c Absatz 1 Satz 1&#8230;<\/p>\n","protected":false},"author":2,"featured_media":0,"parent":0,"menu_order":0,"comment_status":"closed","ping_status":"closed","template":"","meta":{"footnotes":""},"class_list":["post-1240","page","type-page","status-publish","hentry"],"_links":{"self":[{"href":"https:\/\/ing-energy.de\/index.php?rest_route=\/wp\/v2\/pages\/1240","targetHints":{"allow":["GET"]}}],"collection":[{"href":"https:\/\/ing-energy.de\/index.php?rest_route=\/wp\/v2\/pages"}],"about":[{"href":"https:\/\/ing-energy.de\/index.php?rest_route=\/wp\/v2\/types\/page"}],"author":[{"embeddable":true,"href":"https:\/\/ing-energy.de\/index.php?rest_route=\/wp\/v2\/users\/2"}],"replies":[{"embeddable":true,"href":"https:\/\/ing-energy.de\/index.php?rest_route=%2Fwp%2Fv2%2Fcomments&post=1240"}],"version-history":[{"count":0,"href":"https:\/\/ing-energy.de\/index.php?rest_route=\/wp\/v2\/pages\/1240\/revisions"}],"wp:attachment":[{"href":"https:\/\/ing-energy.de\/index.php?rest_route=%2Fwp%2Fv2%2Fmedia&parent=1240"}],"curies":[{"name":"wp","href":"https:\/\/api.w.org\/{rel}","templated":true}]}}